{"id":4895,"date":"2025-04-23T21:57:21","date_gmt":"2025-04-23T19:57:21","guid":{"rendered":"\/shop\/?post_type=product&#038;p=4895"},"modified":"2026-04-13T17:15:24","modified_gmt":"2026-04-13T15:15:24","slug":"guertelmesser-guertelschnallenmesser-schwarz-2","status":"publish","type":"product","link":"\/shop\/produkt\/guertelmesser-guertelschnallenmesser-schwarz-2\/","title":{"rendered":"G\u00fcrtelMesser G\u00fcrtelschnallenMesser schwarz"},"content":{"rendered":"<p><span style=\"font-family: arial\"><b>G\u00fcrtelMesser G\u00fcrtelschnallenMesser<br \/>\nmit Kapselheber \/ Flaschen\u00f6ffner<br \/>\n<\/b><\/span><span style=\"font-family: arial\">Die Klinge ist einseitig geschliffen und mit 8,5cm<br \/>\n<\/span><span style=\"color: #ff0000;font-family: arial\"><b>frei zu f\u00fchren<br \/>\n<\/b><\/span><span style=\"font-family: arial\">Schnallen Gr\u00f6\u00dfe 8&#215;4 cm<br \/>\nDie schwarze G\u00fcrtelschnalle passt sich an den<br \/>\ngesamt Eindruck des G\u00fcrtels an und verleit<br \/>\neinen perfekten Look<br \/>\nDer G\u00fcrtel bleibt auch nach dem ziehen des<br \/>\nMessers wo er ist und die Hose rutscht nicht<br \/>\nG\u00fcrtel breite 3cm L\u00e4nge 20cm bis max. <b>120cm<\/b><br \/>\nfrei einstellbar.<span style=\"color: 008000\"><b><br \/>\nKriminalpolizeilich gepr\u00fcft und f\u00fcr legal erkl\u00e4rt<\/b><\/span><br \/>\n<\/span><\/p>\n<p><span style=\"font-family: arial\"><b>in D frei ohne Altersbeschr\u00e4nkung zu f\u00fchren<\/b>.<\/span><\/p>\n<h6>Herstellerinformationen:<br \/>\nBRK<br \/>\nInc 314 Lee Hwy<br \/>\nMarion, VA 24354<br \/>\nUSA<br \/>\nonestop@brk.com<\/h6>\n<h6>Verantwortliche Person:<br \/>\nMarkus Baumgarten<br \/>\nFriesenstieg 7<br \/>\n31134 Hildesheim<br \/>\nE-Mail:info@securitystore.de<\/h6>\n","protected":false},"excerpt":{"rendered":"<h4>G\u00fcrtelMesser G\u00fcrtelschnallenMesser schwarz<\/h4>\n","protected":false},"featured_media":4896,"comment_status":"closed","ping_status":"closed","template":"","meta":[],"product_cat":[1057,467],"product_tag":[278,262,283,1269,271,290,272,273,276,279,268,269,288,287,254,270,280,261,260,255,256,258,285,1266,1265,1268,1264,264,263,275,286,289,277,266,281,1267],"acf":[],"tiered_pricing_type":"fixed","tiered_pricing_fixed_rules":[],"_links":{"self":[{"href":"\/shop\/wp-json\/wp\/v2\/product\/4895"}],"collection":[{"href":"\/shop\/wp-json\/wp\/v2\/product"}],"about":[{"href":"\/shop\/wp-json\/wp\/v2\/types\/product"}],"replies":[{"embeddable":true,"href":"\/shop\/wp-json\/wp\/v2\/comments?post=4895"}],"wp:featuredmedia":[{"embeddable":true,"href":"\/shop\/wp-json\/wp\/v2\/media\/4896"}],"wp:attachment":[{"href":"\/shop\/wp-json\/wp\/v2\/media?parent=4895"}],"wp:term":[{"taxonomy":"product_cat","embeddable":true,"href":"\/shop\/wp-json\/wp\/v2\/product_cat?post=4895"},{"taxonomy":"product_tag","embeddable":true,"href":"\/shop\/wp-json\/wp\/v2\/product_tag?post=4895"}],"curies":[{"name":"wp","href":"https:\/\/api.w.org\/{rel}","templated":true}]}}