{"id":4867,"date":"2025-03-28T23:24:00","date_gmt":"2025-03-28T22:24:00","guid":{"rendered":"\/shop\/?post_type=product&#038;p=4867"},"modified":"2025-07-07T22:59:55","modified_gmt":"2025-07-07T20:59:55","slug":"walther-prosecur-pfefferspray-pepper-16-ml","status":"publish","type":"product","link":"\/shop\/produkt\/walther-prosecur-pfefferspray-pepper-16-ml\/","title":{"rendered":"Walther ProSecur Pfefferspray Pepper (16 ml)"},"content":{"rendered":"<p><strong>Walther ProSecur Pfeffer-Spray<\/strong> 16 ml, 10 % OC,<br \/>\nmit <b>UV <\/b>Farbstoff<span style=\"font-family: Arial,Helvetica,Univers,Zurich BT\"> (bis zu zwei Wochen lang nachweisbar)<br \/>\nca. 10 ein Sekunden Spr\u00fchst\u00f6sse,<br \/>\nReichweite ca. 2 m<br \/>\nGr\u00f6\u00dfe 80 x 20 x 20 mm<br \/>\n<\/span><span style=\"font-family: arial\">Reizstoffspr\u00fchger\u00e4te die den Wirkstoff OC (Oleoresin<br \/>\nCapsicum \u2022 1,33 Prozent Hauptcapsaicinoide)<br \/>\nenthalten, d\u00fcrfen in der BRD von Privatpersonen nur zur Tierabwehr<br \/>\neingesetzt werden <strong>(Tierabwehrspray)<\/strong>. Bei diesem Verwendungszweck unterliegen sie nicht dem deutschen Waffengesetz und dessen Pr\u00fcfvorschriften.<\/span><\/p>\n<p>&nbsp;<\/p>\n<p><img decoding=\"async\" src=\"http:\/\/police-shop.com\/shop\/media\/images\/popup\/Achtung.jpg\" \/><\/p>\n<p>Achtung<\/p>\n<p>Beh\u00e4lter steht unter Druck: kann bei Erw\u00e4rmung bersten. Verursacht schwere Augenreizung. Darf nicht in die H\u00e4nde von Kindern gelangen. Von Hitze, hei\u00dfen Oberfl\u00e4chen, Funken, offenen Flammen und anderen Z\u00fcndquellen fernhalten. Nicht rauchen. Nicht durchstechen oder verbrennen, auch nicht nach Gebrauch. BEI KONTAKT MIT DEN AUGEN: Einige Minuten lang behutsam mit Wasser sp\u00fclen. Eventuell vorhandene Kontaktlinsen nach M\u00f6glichkeit entfernen. Weiter sp\u00fclen. Vor Sonnenbestrahlung sch\u00fctzen. Nicht Temperaturen \u00fcber 50 \u00b0C aussetzen. Enth\u00e4lt 35,0 % Massenprozent entz\u00fcndliche Bestandteile.<\/p>\n","protected":false},"excerpt":{"rendered":"<p><strong>Walther ProSecur Pfeffer-Spray<\/strong> 16 ml, 10 % OC,<br \/>\nmit <b>UV <\/b>Farbstoff (bis zu zwei Wochen lang nachweisbar)<br \/>\nca. 10 ein Sekunden Spr\u00fchst\u00f6sse<\/p>\n","protected":false},"featured_media":4868,"comment_status":"closed","ping_status":"closed","template":"","meta":[],"product_cat":[227],"product_tag":[249,1262,320,894,321,322,324,1261,323,319],"acf":[],"tiered_pricing_type":"fixed","tiered_pricing_fixed_rules":[],"_links":{"self":[{"href":"\/shop\/wp-json\/wp\/v2\/product\/4867"}],"collection":[{"href":"\/shop\/wp-json\/wp\/v2\/product"}],"about":[{"href":"\/shop\/wp-json\/wp\/v2\/types\/product"}],"replies":[{"embeddable":true,"href":"\/shop\/wp-json\/wp\/v2\/comments?post=4867"}],"wp:featuredmedia":[{"embeddable":true,"href":"\/shop\/wp-json\/wp\/v2\/media\/4868"}],"wp:attachment":[{"href":"\/shop\/wp-json\/wp\/v2\/media?parent=4867"}],"wp:term":[{"taxonomy":"product_cat","embeddable":true,"href":"\/shop\/wp-json\/wp\/v2\/product_cat?post=4867"},{"taxonomy":"product_tag","embeddable":true,"href":"\/shop\/wp-json\/wp\/v2\/product_tag?post=4867"}],"curies":[{"name":"wp","href":"https:\/\/api.w.org\/{rel}","templated":true}]}}