{"id":4552,"date":"2024-06-06T22:50:46","date_gmt":"2024-06-06T20:50:46","guid":{"rendered":"\/shop\/?post_type=product&#038;p=4552"},"modified":"2025-02-01T12:19:03","modified_gmt":"2025-02-01T11:19:03","slug":"tasmanian-tiger-tt-plate-carrier-sidepanel-set-kopie","status":"publish","type":"product","link":"\/shop\/produkt\/tasmanian-tiger-tt-plate-carrier-sidepanel-set-kopie\/","title":{"rendered":"Tasmanian Tiger ID Wallet \/Portmonee (7973)"},"content":{"rendered":"<p><span id=\"result_box\" class=\"\" lang=\"de\"><\/span><span id=\"result_box\" class=\"\" lang=\"de\"><\/span><span style=\"font-size: medium\"><strong><span style=\"font-family: tahoma;font-size: medium\"><span style=\"font-size: small\"><span id=\"result_box\" class=\"\" lang=\"de\"><b>TT ID Wallet \/Portmonee <\/b><span style=\"font-size: xx-small\">(7973)<\/span><br \/>\n<\/span><\/span><\/span><\/strong><span style=\"font-family: tahoma;font-size: medium\"><span style=\"font-size: small\"><span id=\"result_box\" class=\"\" lang=\"de\">Aufklappbare Geldb\u00f6rse mit Klarsichtfach auf der R\u00fcckseite. Neben Einsteckf\u00e4chern f\u00fcr Kreditkarten und zwei Rei\u00dfverschlussf\u00e4chern f\u00fcr gro\u00dfes und kleines Geld besitzt dieses gro\u00dfe Portemonnaie ein Klarsichtfach auf der R\u00fcckseite \u2013 f\u00fcr den einen Ausweis, den man immer griffbereit vorzeigen m\u00f6chte.<br \/>\nTasmanian Tiger \/ Tatonka<\/span><\/span><\/span><\/span><\/p>\n<p>14 x 10 x 3 cm<span style=\"font-family: tahoma\"><br \/>\n60g<br \/>\nCORDURA\u00ae 700 den<\/span><br \/>\n<span style=\"font-family: tahoma\"><span class=\"sku_wrapper\"><span class=\"sku\" data-o_content=\"7973\">7973<\/span><\/span><\/span><\/p>\n","protected":false},"excerpt":{"rendered":"<p><span id=\"result_box\" class=\"\" lang=\"de\"><\/span><span id=\"result_box\" class=\"\" lang=\"de\"><\/span>Tasmanian Tiger <span id=\"result_box\" class=\"\" lang=\"de\"><\/span><span id=\"result_box\" class=\"\" lang=\"de\"><\/span><strong><span id=\"result_box\" class=\"\" lang=\"de\"><b>TT ID Wallet \/Portmonee <\/b>(7973)<\/span><\/strong><\/p>\n","protected":false},"featured_media":4553,"comment_status":"open","ping_status":"closed","template":"","meta":[],"product_cat":[236,217],"product_tag":[1164,1168,1146,244,1167,625,265,1166,883,246,1099,1154,1098,1150,1100,1109,1165],"acf":[],"tiered_pricing_type":"fixed","tiered_pricing_fixed_rules":[],"_links":{"self":[{"href":"\/shop\/wp-json\/wp\/v2\/product\/4552"}],"collection":[{"href":"\/shop\/wp-json\/wp\/v2\/product"}],"about":[{"href":"\/shop\/wp-json\/wp\/v2\/types\/product"}],"replies":[{"embeddable":true,"href":"\/shop\/wp-json\/wp\/v2\/comments?post=4552"}],"wp:featuredmedia":[{"embeddable":true,"href":"\/shop\/wp-json\/wp\/v2\/media\/4553"}],"wp:attachment":[{"href":"\/shop\/wp-json\/wp\/v2\/media?parent=4552"}],"wp:term":[{"taxonomy":"product_cat","embeddable":true,"href":"\/shop\/wp-json\/wp\/v2\/product_cat?post=4552"},{"taxonomy":"product_tag","embeddable":true,"href":"\/shop\/wp-json\/wp\/v2\/product_tag?post=4552"}],"curies":[{"name":"wp","href":"https:\/\/api.w.org\/{rel}","templated":true}]}}