{"id":4540,"date":"2024-06-06T22:34:54","date_gmt":"2024-06-06T20:34:54","guid":{"rendered":"\/shop\/?post_type=product&#038;p=4540"},"modified":"2025-01-01T22:34:48","modified_gmt":"2025-01-01T21:34:48","slug":"tasmanian-tiger-schluessel-guerteltasche","status":"publish","type":"product","link":"\/shop\/produkt\/tasmanian-tiger-schluessel-guerteltasche\/","title":{"rendered":"Tasmanian Tiger Tac Pouch 7"},"content":{"rendered":"<p><span id=\"result_box\" class=\"\" lang=\"de\"><\/span><span id=\"result_box\" class=\"\" lang=\"de\"><\/span><strong>TT Tac Pouch 7 (7743)<br \/>\nUniversal-Zubeh\u00f6rtasche f\u00fcr pers\u00f6nliche Ausr\u00fcstung,<br \/>\nErste-Hilfe-Material, Kommunikation usw.<\/strong><span style=\"font-family: tahoma;font-size: medium\"><strong><br \/>\n<\/strong><span id=\"result_box\" class=\"\" lang=\"de\"><\/span><\/span><span style=\"font-family: tahoma;font-size: medium\"><span style=\"font-size: small\"><span id=\"result_box\" class=\"\" lang=\"de\">Netztasche unter dem Deckel; Zwei D-Ringe innen; Befestigungsschlaufen; Antennendurchl\u00e4sse am Hauptfach; MOLLE-System; Ben\u00f6tigt drei MOLLE-Schlaufen;<br \/>\nTasmanian Tiger \/ Tatonka<\/span><\/span><\/span><span style=\"font-family: tahoma\"><strong><br \/>\n<\/strong><br \/>\n<span id=\"result_box\" class=\"\" lang=\"de\">G\u00fcrtel \/ Molle Schlaufen\u2022<\/span><br \/>\nGr\u00f6\u00dfe <\/span><span style=\"font-family: tahoma\">24 x 15 x 5,5 cm<br \/>\nTT Tac Pouch 7 7743<br \/>\n<\/span><\/p>\n<h6><span class=\"sku_wrapper\"><span class=\"sku\" data-o_content=\"7973\">Informationen zur Produktsicherheit (GPSR)<br \/>\nTATONKA GmbH<br \/>\nRobert-Bosch-Stra\u00dfe 3<br \/>\n86453 Dasing Germany<br \/>\ninfo@tatonka.de <\/span><\/span><\/h6>\n<p><span style=\"font-family: tahoma\">\u00a0<\/span><\/p>\n<p>&nbsp;<\/p>\n","protected":false},"excerpt":{"rendered":"<p><span id=\"result_box\" class=\"\" lang=\"de\"><\/span><span id=\"result_box\" class=\"\" lang=\"de\"><\/span><span id=\"result_box\" class=\"\" lang=\"de\"><\/span><span id=\"result_box\" class=\"\" lang=\"de\"><\/span><strong>TT Tac Pouch 7 (7743)<br \/>\nUniversal-Zubeh\u00f6rtasche f\u00fcr pers\u00f6nliche Ausr\u00fcstung,<br \/>\nErste-Hilfe-Material, Kommunikation usw.<\/strong><\/p>\n","protected":false},"featured_media":4545,"comment_status":"open","ping_status":"closed","template":"","meta":[],"product_cat":[236,217],"product_tag":[1155,1156,1146,244,625,265,883,246,1154,1150],"acf":[],"tiered_pricing_type":"fixed","tiered_pricing_fixed_rules":[],"_links":{"self":[{"href":"\/shop\/wp-json\/wp\/v2\/product\/4540"}],"collection":[{"href":"\/shop\/wp-json\/wp\/v2\/product"}],"about":[{"href":"\/shop\/wp-json\/wp\/v2\/types\/product"}],"replies":[{"embeddable":true,"href":"\/shop\/wp-json\/wp\/v2\/comments?post=4540"}],"wp:featuredmedia":[{"embeddable":true,"href":"\/shop\/wp-json\/wp\/v2\/media\/4545"}],"wp:attachment":[{"href":"\/shop\/wp-json\/wp\/v2\/media?parent=4540"}],"wp:term":[{"taxonomy":"product_cat","embeddable":true,"href":"\/shop\/wp-json\/wp\/v2\/product_cat?post=4540"},{"taxonomy":"product_tag","embeddable":true,"href":"\/shop\/wp-json\/wp\/v2\/product_tag?post=4540"}],"curies":[{"name":"wp","href":"https:\/\/api.w.org\/{rel}","templated":true}]}}