{"id":4528,"date":"2024-06-06T22:13:49","date_gmt":"2024-06-06T20:13:49","guid":{"rendered":"\/shop\/?post_type=product&#038;p=4528"},"modified":"2025-12-29T21:53:16","modified_gmt":"2025-12-29T20:53:16","slug":"secure-ex-c-clip-gross-2pk","status":"publish","type":"product","link":"\/shop\/produkt\/secure-ex-c-clip-gross-2pk\/","title":{"rendered":"Secure-Ex C-Clip gross 2pk"},"content":{"rendered":"<p><span style=\"font-family: arial\"><span class=\"main\"><b><span style=\"color: 003300;font-size: medium\"><span style=\"color: 003300\"><span style=\"color: 000000\"><span style=\"font-size: medium\">Cold STEEL Secure-Ex C-Clip gro\u00df 2pk <span style=\"font-size: small\">schwarz <\/span><span style=\"font-size: small\"><span style=\"color: 003300;font-family: arial;font-size: small\"><span style=\"font-size: xx-small\">(<\/span><\/span><\/span><span style=\"font-size: small\"><span style=\"color: 003300;font-family: arial;font-size: small\"><span style=\"font-size: xx-small\"><span id=\"skucode\">SACLA<\/span>)<br \/>\n<\/span><\/span><br \/>\n<\/span>Die Secure-Ex C-Clips, (von Mike Sastre von River City Sheaths erfunden),<br \/>\nerm\u00f6glichen es, u.a. Cold Steel Messer an G\u00fcrteln mit einer Breite bis zu 3,8 cm zu befestigen. Das clevere Design enth\u00e4lt Befestigungsschlitze, so dass das Messer ganz einfach vertikal, kopf\u00fcber oder schr\u00e4g nach vorne und\/oder hinten geneigt getragen werden k\u00f6nnen!<\/span><\/span><\/span><\/span><\/b><\/span><\/span><\/p>\n<p>werden mit Schrauben und Zwischenscheiben aus Gummi geliefert.<br \/>\nauch f\u00fcr anderen Scheide\/Holstern geeignet<\/p>\n<p>Auch f\u00fcr MOLLE Systeme geeignet<\/p>\n<h6>Informationen zur Produktsicherheit (GPSR)<br \/>\nGSM Outdoors 5250 Frye Rd,<br \/>\nIrving, TX 75061 USA<br \/>\ninfo@gsmorg.com<br \/>\n<span class=\"hps\">Verantwortliche Person:<br \/>\nMarkus Baumgarten<br \/>\nFriesenstieg 7<br \/>\n31134 Hildesheim<br \/>\nE-Mail:info@securitystore.de<\/span><\/h6>\n","protected":false},"excerpt":{"rendered":"<p><span class=\"main\"><b><span style=\"color: 003300;font-size: medium\"><span style=\"color: 003300\"><span style=\"color: 000000\"><span style=\"font-size: medium\">Cold STEEL Secure-Ex C-Clip gro\u00df 2pk<\/span> <\/span><\/span><\/span><\/b><span style=\"color: 003300;font-size: medium\"><span style=\"color: 003300\"><span style=\"color: 000000\"><span style=\"font-size: small\">schwarz <\/span><\/span><\/span><\/span><\/span><span class=\"main\"><span style=\"color: 003300;font-size: medium\"><span style=\"color: 003300\"><span style=\"color: 000000\"><span style=\"font-size: small\"><span style=\"color: 003300;font-family: arial;font-size: small\"><span style=\"font-size: xx-small\">(<b><span id=\"skucode\">SACLA<\/span><\/b>)<\/span><\/span><\/span><\/span><\/span><\/span><\/span><\/p>\n","protected":false},"featured_media":4529,"comment_status":"closed","ping_status":"closed","template":"","meta":[],"product_cat":[464,215,230],"product_tag":[431,430,434,432,433,1135,842,297,639,288,287,244,1136,1139,625,1009,255,621,1010,332,624,1140,413,1134,428,429,427,950,611,626,246,623,622,286,289],"acf":[],"tiered_pricing_type":"fixed","tiered_pricing_fixed_rules":[],"_links":{"self":[{"href":"\/shop\/wp-json\/wp\/v2\/product\/4528"}],"collection":[{"href":"\/shop\/wp-json\/wp\/v2\/product"}],"about":[{"href":"\/shop\/wp-json\/wp\/v2\/types\/product"}],"replies":[{"embeddable":true,"href":"\/shop\/wp-json\/wp\/v2\/comments?post=4528"}],"wp:featuredmedia":[{"embeddable":true,"href":"\/shop\/wp-json\/wp\/v2\/media\/4529"}],"wp:attachment":[{"href":"\/shop\/wp-json\/wp\/v2\/media?parent=4528"}],"wp:term":[{"taxonomy":"product_cat","embeddable":true,"href":"\/shop\/wp-json\/wp\/v2\/product_cat?post=4528"},{"taxonomy":"product_tag","embeddable":true,"href":"\/shop\/wp-json\/wp\/v2\/product_tag?post=4528"}],"curies":[{"name":"wp","href":"https:\/\/api.w.org\/{rel}","templated":true}]}}