{"id":4311,"date":"2024-03-09T20:39:25","date_gmt":"2024-03-09T19:39:25","guid":{"rendered":"\/shop\/?post_type=product&#038;p=4311"},"modified":"2025-01-01T23:24:20","modified_gmt":"2025-01-01T22:24:20","slug":"browning-messer-kopie","status":"publish","type":"product","link":"\/shop\/produkt\/browning-messer-kopie\/","title":{"rendered":"Gebrauchsmesser mit S\u00e4ger\u00fccken"},"content":{"rendered":"<p><b>Gebrauchsmesser mit S\u00e4ger\u00fccken<br \/>\n<\/b>Gesamtl\u00e4nge: ca: 21,6cm\u00a0 Klinge: ca: 11,43cm Stahl Stainless<br \/>\nGriff:schwarz ABS mit Fingermulden<br \/>\ninkl. Nylon Holster<\/p>\n<p><b>in D frei ohne Altersbeschr\u00e4nkung zu f\u00fchren<\/b>.<\/p>\n<h6>Herstellerinformationen:<br \/>\nBRK<br \/>\nInc 314 Lee Hwy<br \/>\nMarion, VA 24354<br \/>\nUSA<br \/>\nonestop@brk.com<br \/>\nVerantwortliche Person:<br \/>\nMarkus Baumgarten<br \/>\nFriesenstieg 7<br \/>\n31134 Hildesheim<br \/>\nE-Mail:info@securitystore.de<\/h6>\n","protected":false},"excerpt":{"rendered":"<p><b>Gebrauchsmesser mit S\u00e4ger\u00fccken<\/b><\/p>\n","protected":false},"featured_media":4312,"comment_status":"closed","ping_status":"closed","template":"","meta":[],"product_cat":[470],"product_tag":[1004,1003,1015,698,706,288,287,254,1017,1005,492,255,256,701,312,257,335,1016,258,285,1014,692,703,286,289,277,705,704],"acf":[],"tiered_pricing_type":"fixed","tiered_pricing_fixed_rules":[],"_links":{"self":[{"href":"\/shop\/wp-json\/wp\/v2\/product\/4311"}],"collection":[{"href":"\/shop\/wp-json\/wp\/v2\/product"}],"about":[{"href":"\/shop\/wp-json\/wp\/v2\/types\/product"}],"replies":[{"embeddable":true,"href":"\/shop\/wp-json\/wp\/v2\/comments?post=4311"}],"wp:featuredmedia":[{"embeddable":true,"href":"\/shop\/wp-json\/wp\/v2\/media\/4312"}],"wp:attachment":[{"href":"\/shop\/wp-json\/wp\/v2\/media?parent=4311"}],"wp:term":[{"taxonomy":"product_cat","embeddable":true,"href":"\/shop\/wp-json\/wp\/v2\/product_cat?post=4311"},{"taxonomy":"product_tag","embeddable":true,"href":"\/shop\/wp-json\/wp\/v2\/product_tag?post=4311"}],"curies":[{"name":"wp","href":"https:\/\/api.w.org\/{rel}","templated":true}]}}