{"id":4254,"date":"2024-03-07T23:47:12","date_gmt":"2024-03-07T22:47:12","guid":{"rendered":"\/shop\/?post_type=product&#038;p=4254"},"modified":"2024-03-07T23:51:09","modified_gmt":"2024-03-07T22:51:09","slug":"rettungsmesser-schrade","status":"publish","type":"product","link":"\/shop\/produkt\/rettungsmesser-schrade\/","title":{"rendered":"RettungsMesser Schrade"},"content":{"rendered":"<p><span style=\"font-family: arial\"><b><span style=\"font-size: medium\">RettungsMesser Schrade<\/span><\/b> (IMP0022CP)<br \/>\ndie gekr\u00fcmmte nicht spitze Klinge erlaubt ein schnelles durchtrennen<br \/>\nvon Gurten ohne den Verunfallten \u00fcberm\u00e4\u00dfig zu gef\u00e4hrden.<br \/>\nMit Einhand\u00f6ffnung und stainless Taschenclip<br \/>\ngeschlossen 11,43cm \u2022 Klingenl\u00e4nge 8,26cm<br \/>\n<\/span><\/p>\n","protected":false},"excerpt":{"rendered":"<p><b>RettungsMesser Schrade<\/b> (IMP0022CP)<br \/>\ndie gekr\u00fcmmte nicht spitze Klinge erlaubt ein schnelles durchtrennen<br \/>\nvon Gurten<\/p>\n","protected":false},"featured_media":4255,"comment_status":"closed","ping_status":"closed","template":"","meta":[],"product_cat":[471],"product_tag":[926,715,927,929,714,933,288,287,254,925,930,777,328,855,492,928,932,931,696,720,778,705,704,718],"acf":[],"tiered_pricing_type":"fixed","tiered_pricing_fixed_rules":[],"_links":{"self":[{"href":"\/shop\/wp-json\/wp\/v2\/product\/4254"}],"collection":[{"href":"\/shop\/wp-json\/wp\/v2\/product"}],"about":[{"href":"\/shop\/wp-json\/wp\/v2\/types\/product"}],"replies":[{"embeddable":true,"href":"\/shop\/wp-json\/wp\/v2\/comments?post=4254"}],"wp:featuredmedia":[{"embeddable":true,"href":"\/shop\/wp-json\/wp\/v2\/media\/4255"}],"wp:attachment":[{"href":"\/shop\/wp-json\/wp\/v2\/media?parent=4254"}],"wp:term":[{"taxonomy":"product_cat","embeddable":true,"href":"\/shop\/wp-json\/wp\/v2\/product_cat?post=4254"},{"taxonomy":"product_tag","embeddable":true,"href":"\/shop\/wp-json\/wp\/v2\/product_tag?post=4254"}],"curies":[{"name":"wp","href":"https:\/\/api.w.org\/{rel}","templated":true}]}}