{"id":4122,"date":"2024-02-14T22:48:09","date_gmt":"2024-02-14T21:48:09","guid":{"rendered":"https:\/\/www.security-store.de\/shop\/?post_type=product&#038;p=4122"},"modified":"2024-03-05T10:51:46","modified_gmt":"2024-03-05T09:51:46","slug":"asp-ersatzgriff-moosgummi-fuer-f26-stoecke","status":"publish","type":"product","link":"\/shop\/produkt\/asp-ersatzgriff-moosgummi-fuer-f26-stoecke\/","title":{"rendered":"ASP Ersatzgriff Moosgummi f\u00fcr F31 St\u00f6cke"},"content":{"rendered":"<p>ASP Ersatzgriff Moosgummi f\u00fcr <b>F31 St\u00f6cke<br \/>\n<\/b><b><\/b><span style=\"font-family: Arial, Helvetica, Univers, Zurich BT; color: #ff0000;\"><span style=\"color: #ff0000;\">Sonderverkauf Lagerr\u00e4umung nur solange der Vorrat reicht.<\/span><\/span><\/p>\n","protected":false},"excerpt":{"rendered":"<p>ASP Ersatzgriff Moosgummi f\u00fcr <b>F31 St\u00f6cke<br \/>\n<\/b><span style=\"color: #ff0000;\"><b><\/b>Sonderverkauf Lagerr\u00e4umung nur solange der Vorrat reicht.<\/span><\/p>\n","protected":false},"featured_media":4123,"comment_status":"closed","ping_status":"closed","template":"","meta":[],"product_cat":[462],"product_tag":[654,856,857],"acf":[],"tiered_pricing_type":"fixed","tiered_pricing_fixed_rules":[],"_links":{"self":[{"href":"\/shop\/wp-json\/wp\/v2\/product\/4122"}],"collection":[{"href":"\/shop\/wp-json\/wp\/v2\/product"}],"about":[{"href":"\/shop\/wp-json\/wp\/v2\/types\/product"}],"replies":[{"embeddable":true,"href":"\/shop\/wp-json\/wp\/v2\/comments?post=4122"}],"wp:featuredmedia":[{"embeddable":true,"href":"\/shop\/wp-json\/wp\/v2\/media\/4123"}],"wp:attachment":[{"href":"\/shop\/wp-json\/wp\/v2\/media?parent=4122"}],"wp:term":[{"taxonomy":"product_cat","embeddable":true,"href":"\/shop\/wp-json\/wp\/v2\/product_cat?post=4122"},{"taxonomy":"product_tag","embeddable":true,"href":"\/shop\/wp-json\/wp\/v2\/product_tag?post=4122"}],"curies":[{"name":"wp","href":"https:\/\/api.w.org\/{rel}","templated":true}]}}