{"id":4099,"date":"2024-02-11T21:38:35","date_gmt":"2024-02-11T20:38:35","guid":{"rendered":"https:\/\/www.security-store.de\/shop\/?post_type=product&#038;p=4099"},"modified":"2024-02-23T11:35:03","modified_gmt":"2024-02-23T10:35:03","slug":"5fach-led-umruestsatz-fuer-anhaltekellen","status":"publish","type":"product","link":"\/shop\/produkt\/5fach-led-umruestsatz-fuer-anhaltekellen\/","title":{"rendered":"5fach LED Umr\u00fcstsatz f\u00fcr Anhaltekellen"},"content":{"rendered":"<p><strong>5fach LED Umr\u00fcstsatz f\u00fcr Anhaltekellen<\/strong><br \/>\nmit 5 LED\u2019s sorgt f\u00fcr ein besonders ausgegliches<br \/>\nund gut sichtbares Licht<br \/>\nF\u00fcr Anhaltekellen mit 3 Batterien<\/p>\n<p><strong>Mengenrabatte und Beh\u00f6rdenrabatte bitte telefonisch erfragen.<\/strong><\/p>\n","protected":false},"excerpt":{"rendered":"<p>5fach LED Umr\u00fcstsatz f\u00fcr Anhaltekellen<\/p>\n","protected":false},"featured_media":4101,"comment_status":"closed","ping_status":"closed","template":"","meta":[],"product_cat":[234],"product_tag":[819,796,288,287,254,802,557,817,818,255,332,823,825,286,289,822],"acf":[],"tiered_pricing_type":"fixed","tiered_pricing_fixed_rules":[],"_links":{"self":[{"href":"\/shop\/wp-json\/wp\/v2\/product\/4099"}],"collection":[{"href":"\/shop\/wp-json\/wp\/v2\/product"}],"about":[{"href":"\/shop\/wp-json\/wp\/v2\/types\/product"}],"replies":[{"embeddable":true,"href":"\/shop\/wp-json\/wp\/v2\/comments?post=4099"}],"wp:featuredmedia":[{"embeddable":true,"href":"\/shop\/wp-json\/wp\/v2\/media\/4101"}],"wp:attachment":[{"href":"\/shop\/wp-json\/wp\/v2\/media?parent=4099"}],"wp:term":[{"taxonomy":"product_cat","embeddable":true,"href":"\/shop\/wp-json\/wp\/v2\/product_cat?post=4099"},{"taxonomy":"product_tag","embeddable":true,"href":"\/shop\/wp-json\/wp\/v2\/product_tag?post=4099"}],"curies":[{"name":"wp","href":"https:\/\/api.w.org\/{rel}","templated":true}]}}