{"id":3994,"date":"2024-02-04T22:05:55","date_gmt":"2024-02-04T21:05:55","guid":{"rendered":"https:\/\/www.security-store.de\/shop\/?post_type=product&#038;p=3994"},"modified":"2024-02-04T22:14:34","modified_gmt":"2024-02-04T21:14:34","slug":"ueberlebens-messer-mit-saegeruecken-silber","status":"publish","type":"product","link":"\/shop\/produkt\/ueberlebens-messer-mit-saegeruecken-silber\/","title":{"rendered":"\u00dcberlebens Messer mit S\u00e4ger\u00fccken silber"},"content":{"rendered":"<p><b>\u00dcberlebens Messer mit S\u00e4ger\u00fccken<\/b><br \/>\nGesamt 24.13cm<br \/>\n13.97cm matt silberne Clip Point Klinge rostfrei<\/p>\n<div>rostfreier Hohl Griff mit Gummiringen<\/div>\n<p>Hohlgriff mit Harken, Nadel, Streichholz<br \/>\nschwarzer Nylon G\u00fcrtel Scheide<\/p>\n","protected":false},"excerpt":{"rendered":"<p>\u00dcberlebens Messer mit S\u00e4ger\u00fccken silber<\/p>\n","protected":false},"featured_media":3996,"comment_status":"closed","ping_status":"closed","template":"","meta":[],"product_cat":[470],"product_tag":[698,697,694,695,492,335,693,696,692],"acf":[],"tiered_pricing_type":"fixed","tiered_pricing_fixed_rules":[],"_links":{"self":[{"href":"\/shop\/wp-json\/wp\/v2\/product\/3994"}],"collection":[{"href":"\/shop\/wp-json\/wp\/v2\/product"}],"about":[{"href":"\/shop\/wp-json\/wp\/v2\/types\/product"}],"replies":[{"embeddable":true,"href":"\/shop\/wp-json\/wp\/v2\/comments?post=3994"}],"wp:featuredmedia":[{"embeddable":true,"href":"\/shop\/wp-json\/wp\/v2\/media\/3996"}],"wp:attachment":[{"href":"\/shop\/wp-json\/wp\/v2\/media?parent=3994"}],"wp:term":[{"taxonomy":"product_cat","embeddable":true,"href":"\/shop\/wp-json\/wp\/v2\/product_cat?post=3994"},{"taxonomy":"product_tag","embeddable":true,"href":"\/shop\/wp-json\/wp\/v2\/product_tag?post=3994"}],"curies":[{"name":"wp","href":"https:\/\/api.w.org\/{rel}","templated":true}]}}