{"id":3931,"date":"2024-02-03T22:39:11","date_gmt":"2024-02-03T21:39:11","guid":{"rendered":"https:\/\/www.security-store.de\/shop\/?post_type=product&#038;p=3931"},"modified":"2026-04-22T15:26:43","modified_gmt":"2026-04-22T13:26:43","slug":"blackhawk-prototyp-medium-drop-leg-platform","status":"publish","type":"product","link":"\/shop\/produkt\/blackhawk-prototyp-medium-drop-leg-platform\/","title":{"rendered":"BLACKHAWK! Taktische &#8222;Medium Drop Leg&#8220; Plattform"},"content":{"rendered":"<div><b><span style=\"font-size: small\">BLACKHAWK! &#8222;Medium Drop Leg&#8220;\u00a0<\/span><\/b><\/div>\n<div>Oberschenkel Plattform CQC SERPA und BHLE Duty SERPA Holster .<\/div>\n<p>Plattform besteht aus einer Platte, die dem Oberschenkel angepasst ist und<br \/>\nmit 2 verstellbaren Beinriemen am Gurt befestigt werden kann.<br \/>\nDie Oberschenkel-Platte hat eine G\u00fcrtel Aufh\u00e4ngung und l\u00e4sst<br \/>\nsich durch Swivel-System schnell entfernen.<\/p>\n<h6>Informationen zur Produktsicherheit (GPSR)<br \/>\nRevelyst Sales LLC<br \/>\n1 Vista Way<br \/>\n55303 Anoka<br \/>\nUSA<br \/>\ninternational@bushnell.com<br \/>\nVerantwortliche Person:<br \/>\nHelmut Hofmann GmbH<br \/>\nScheinbergweg 6-8<br \/>\n97638 Mellrichstadt<br \/>\nGermany<br \/>\ninfo@helmuthofmann.de<\/h6>\n","protected":false},"excerpt":{"rendered":"<div><b>BLACKHAWK! Prototyp &#8222;Medium Drop Leg&#8220;\u00a0<\/b><\/div>\n<div>Oberschenkel Plattform CQC SERPA und BHLE Duty SERPA Holster .<\/div>\n<h5><strong>\u00a0<\/strong><\/h5>\n","protected":false},"featured_media":3932,"comment_status":"open","ping_status":"closed","template":"","meta":[],"product_cat":[465,236],"product_tag":[683,1085,315,283,288,287,254,244,1084,255,256,1062,312,313,257,258,285,1086,318,314,316,317,1087,286,289],"acf":[],"tiered_pricing_type":"fixed","tiered_pricing_fixed_rules":[],"_links":{"self":[{"href":"\/shop\/wp-json\/wp\/v2\/product\/3931"}],"collection":[{"href":"\/shop\/wp-json\/wp\/v2\/product"}],"about":[{"href":"\/shop\/wp-json\/wp\/v2\/types\/product"}],"replies":[{"embeddable":true,"href":"\/shop\/wp-json\/wp\/v2\/comments?post=3931"}],"wp:featuredmedia":[{"embeddable":true,"href":"\/shop\/wp-json\/wp\/v2\/media\/3932"}],"wp:attachment":[{"href":"\/shop\/wp-json\/wp\/v2\/media?parent=3931"}],"wp:term":[{"taxonomy":"product_cat","embeddable":true,"href":"\/shop\/wp-json\/wp\/v2\/product_cat?post=3931"},{"taxonomy":"product_tag","embeddable":true,"href":"\/shop\/wp-json\/wp\/v2\/product_tag?post=3931"}],"curies":[{"name":"wp","href":"https:\/\/api.w.org\/{rel}","templated":true}]}}