{"id":3800,"date":"2024-02-02T00:17:16","date_gmt":"2024-02-01T23:17:16","guid":{"rendered":"https:\/\/www.security-store.de\/shop\/?post_type=product&#038;p=3800"},"modified":"2025-01-01T22:56:34","modified_gmt":"2025-01-01T21:56:34","slug":"dynamic-entry-tactical-fence-climbers-blackhawk","status":"publish","type":"product","link":"\/shop\/produkt\/dynamic-entry-tactical-fence-climbers-blackhawk\/","title":{"rendered":"Dynamic Entry Tactical Fence Climbers BLACKHAWK!"},"content":{"rendered":"<h5 class=\"page-title\"><span style=\"font-size: medium\"><b>BLACKHAWK!<\/b><\/span>\u00a0<b><br \/>\nDynamic Entry Tactical Fence Climbers<br \/>\nKletterhilfe f\u00fcr Z\u00e4une, Dratz\u00e4une, Metallz\u00e4une u.\u00e4.<br \/>\nzusammen klappbar einfach zu verstauen<br \/>\n4St. im Set<\/b><br \/>\nLightweight construction Folds up for easy storage Set of four<br \/>\n(DE-TFC)<\/h5>\n<h6>Informationen zur Produktsicherheit (GPSR)<br \/>\nRevelyst Sales LLC<br \/>\n1 Vista Way<br \/>\n55303 Anoka<br \/>\nUSA<br \/>\ninternational@bushnell.com<br \/>\nVerantwortliche Person:<br \/>\nHelmut Hofmann GmbH<br \/>\nScheinbergweg 6-8<br \/>\n97638 Mellrichstadt<br \/>\nGermany<br \/>\ninfo@helmuthofmann.de<\/h6>\n","protected":false},"excerpt":{"rendered":"<h5 class=\"page-title\"><b>BLACKHAWK!<\/b>\u00a0<b><br \/>\nDynamic Entry Tactical Fence Climbers<br \/>\nKletterhilfe f\u00fcr Z\u00e4une, Dratz\u00e4une, Metallz\u00e4une u.\u00e4.<\/b><\/h5>\n","protected":false},"featured_media":3801,"comment_status":"open","ping_status":"closed","template":"","meta":[],"product_cat":[465,236,233],"product_tag":[634,632,636,638,637,621,633,624,635,597,611,626,623,622],"acf":[],"tiered_pricing_type":"fixed","tiered_pricing_fixed_rules":[],"_links":{"self":[{"href":"\/shop\/wp-json\/wp\/v2\/product\/3800"}],"collection":[{"href":"\/shop\/wp-json\/wp\/v2\/product"}],"about":[{"href":"\/shop\/wp-json\/wp\/v2\/types\/product"}],"replies":[{"embeddable":true,"href":"\/shop\/wp-json\/wp\/v2\/comments?post=3800"}],"wp:featuredmedia":[{"embeddable":true,"href":"\/shop\/wp-json\/wp\/v2\/media\/3801"}],"wp:attachment":[{"href":"\/shop\/wp-json\/wp\/v2\/media?parent=3800"}],"wp:term":[{"taxonomy":"product_cat","embeddable":true,"href":"\/shop\/wp-json\/wp\/v2\/product_cat?post=3800"},{"taxonomy":"product_tag","embeddable":true,"href":"\/shop\/wp-json\/wp\/v2\/product_tag?post=3800"}],"curies":[{"name":"wp","href":"https:\/\/api.w.org\/{rel}","templated":true}]}}