{"id":3739,"date":"2024-01-30T00:46:22","date_gmt":"2024-01-29T23:46:22","guid":{"rendered":"https:\/\/www.security-store.de\/shop\/?post_type=product&#038;p=3739"},"modified":"2024-06-03T00:05:00","modified_gmt":"2024-06-02T22:05:00","slug":"jet-protector-jpx2-laser-piexon","status":"publish","type":"product","link":"\/shop\/produkt\/jet-protector-jpx2-laser-piexon\/","title":{"rendered":"Jet Protector JPX2 LASER Piexon"},"content":{"rendered":"<p><span style=\"font-family: arial\">Bei dem <span style=\"color: #ff0000\"><span style=\"color: ff0000\"><b>JPX 2 Jet Protector LASER <\/b><\/span><span style=\"color: #000000\">wird<\/span><\/span> der Reizstoff Oleoresin Capsicum in 10%iger<br \/>\nKonzentration verwendet. Dies ist die st\u00e4rkste Menge, die in Deutschland zugelassen ist<br \/>\nund wesentlich wirkungsvoller als herk\u00f6mmliches Pfefferspray. Die effektive Reichweite<br \/>\ndes JPX Jet Protector liegt bei bis zu 7 m. Bei einer Geschwindigkeit von bis zu<br \/>\n650 km\/h (180 m\/s) ist eine Beeintr\u00e4chtigung durch Seitenwinde, so gut wie ausgeschlossen.<span style=\"font-size: small\"><b><br \/>\n<span style=\"color: #ff0000\">MIT integrierem Ziel LASER<span style=\"font-size: xx-small\"> (mit BKA Freigabe)<\/span><\/span><br \/>\n<\/b><\/span><br \/>\n<\/span><span style=\"font-family: arial\"><span style=\"font-size: xx-small\">DER JET PROTECTOR JPX DARF IN DEUTSCHLAND NUR ZUR <b>TIERABWEHR <\/b>EINGESETZT<br \/>\nWERDEN UND UNTERLIEGT BEI DIESEM VERWENDUNGSZWECK NICHT DEM DEUTSCHEN WAFFENGESETZ<br \/>\nGrundpreis 1.475,00 EUR pro 100 Milliliter\u00a0<\/span><\/span><br \/>\n<span style=\"font-family: arial\"><br \/>\n<b>Jet Protector JPX \/ Technische Daten<\/b><br \/>\n<b>Dimensionen<\/b>:<br \/>\nL\u00e4nge: \u00a0\u00a0\u00a0 190 mm<br \/>\nH\u00f6he: \u00a0\u00a0\u00a0 90 mm<br \/>\nBreite: 37 mm<br \/>\n<b>Gewicht<\/b>:<br \/>\nGriffst\u00fcck: \u00a0\u00a0\u00a0 250 g<br \/>\nMagazin: \u00a0\u00a0\u00a0 120 g<br \/>\nmin. \/ max. Reichweite: \u00a0\u00a0\u00a0 1,5m bis 7m<br \/>\nAbzugssystem: \u00a0\u00a0\u00a0 Spannabzug mit automat. Umschaltung<br \/>\nInhalt: \u00a0\u00a0\u00a0 2 Ladungen pro Magazin<br \/>\nStrahlgeschwindigkeit (V0): \u00a0\u00a0\u00a0 180 m\/s (650 km\/h)<br \/>\nfunktionales Temperaturband: \u00a0\u00a0\u00a0 -20\u00b0C bis + 80\u00b0C<br \/>\nGarantie: \u00a0\u00a0\u00a0 2 Jahre<br \/>\nGeh\u00e4usematerial: \u00a0\u00a0\u00a0 Schlagz\u00e4her Polymer-Kunststoff<br \/>\nFarbe: schwarz<br \/>\nVisierung: \u00a0\u00a0\u00a0 Kimme \/ Korn<br \/>\nWeiterer Merkmal: \u00a0\u00a0\u00a0 Integrierte \u201ePicatinny\u201c Schiene<\/span><\/p>\n<p>Der <b>JPX Jet Protector<\/b> ist immer sofort einsatzbereit und sehr bedienerfreundlich.<br \/>\nEs ist keine Ladebewegung und kein Spannen n\u00f6tig. Einfach den Abzug durchziehen<br \/>\nund die erste Ladung wird aktiviert. Nach dem Abschuss der ersten Wirkladung schaltet<br \/>\ndas Ger\u00e4t automatisch auf die zweite Ladung um. Das Nachladen ist sehr einfach und gelingt in Sekundenschnelle.<br \/>\nDer Abschuss des Pfefferextraktes erfolgt \u00e4hnlich wie bei einem Airbag:<br \/>\nMit einem Auftreffen eines Schlagbolzens wird eine Z\u00fcndkapsel aktiviert, die den<br \/>\nPfefferextrakt verschie\u00dft. Sie haben die M\u00f6glichkeit den JPX Jet Protector zweimal<br \/>\nabzufeuern, bevor Sie ein neues Magazin aufsetzen m\u00fcssen.<br \/>\nDie patentierte Technologie des JPX verhindert einen Druckverlust, so dass Sie sich<br \/>\nimmer auf die volle Leistung verlassen k\u00f6nnen. \u00dcber eine Zielvorrichtung mit Kimme<br \/>\nund Korn ist ein zielgenaues Schiessen auch f\u00fcr Anf\u00e4nger kein Problem.<br \/>\nDer <b>JPX Jet Protector <\/b>wird erfolgreich von vielen Beh\u00f6rden weltweit zur sicheren Ausschaltung des Zieles eingesetzt. Er ist nicht t\u00f6dlich und f\u00fchrt beim Ziel zu keinen bleibenden Sch\u00e4den. Extreme Reizungen der Schleimh\u00e4ute setzen es lediglich zeitweise au\u00dfer Gefecht.<\/p>\n<p>&nbsp;<\/p>\n","protected":false},"excerpt":{"rendered":"<h5>2 Schu\u00df Jet Protector <span style=\"color: #ff0000\">JPX2<\/span> Pixon<\/h5>\n","protected":false},"featured_media":3743,"comment_status":"closed","ping_status":"closed","template":"","meta":[],"product_cat":[227],"product_tag":[577,272,568,566,579,580,581,572,573,571,570,576,578,567,574,575,565,569],"acf":[],"tiered_pricing_type":"fixed","tiered_pricing_fixed_rules":[],"_links":{"self":[{"href":"\/shop\/wp-json\/wp\/v2\/product\/3739"}],"collection":[{"href":"\/shop\/wp-json\/wp\/v2\/product"}],"about":[{"href":"\/shop\/wp-json\/wp\/v2\/types\/product"}],"replies":[{"embeddable":true,"href":"\/shop\/wp-json\/wp\/v2\/comments?post=3739"}],"wp:featuredmedia":[{"embeddable":true,"href":"\/shop\/wp-json\/wp\/v2\/media\/3743"}],"wp:attachment":[{"href":"\/shop\/wp-json\/wp\/v2\/media?parent=3739"}],"wp:term":[{"taxonomy":"product_cat","embeddable":true,"href":"\/shop\/wp-json\/wp\/v2\/product_cat?post=3739"},{"taxonomy":"product_tag","embeddable":true,"href":"\/shop\/wp-json\/wp\/v2\/product_tag?post=3739"}],"curies":[{"name":"wp","href":"https:\/\/api.w.org\/{rel}","templated":true}]}}