{"id":3715,"date":"2024-01-26T23:51:15","date_gmt":"2024-01-26T22:51:15","guid":{"rendered":"https:\/\/www.security-store.de\/shop\/?post_type=product&#038;p=3715"},"modified":"2024-06-03T00:05:29","modified_gmt":"2024-06-02T22:05:29","slug":"power-200-elektroschocker-200-000-v-mit-ptb-zulassung","status":"publish","type":"product","link":"\/shop\/produkt\/power-200-elektroschocker-200-000-v-mit-ptb-zulassung\/","title":{"rendered":"POWER 200 \u2022 \u2022 Elektroschocker 200 000 V mit PTB Zulassung"},"content":{"rendered":"<h5><span style=\"font-family: arial\"><b>POWER 200<\/b> \u2022 Elektroschocker 200 000 V mit <span style=\"color: #ff0000\"><b>PTB <\/b>Zulassung<\/span><\/span><\/h5>\n<p><span style=\"color: #ff0000\"><b>\u2022 \u2022 \u2022\u00a0 Lieferung inkl. Batterie<\/b><\/span><\/p>\n<p>Gr\u00f6\u00dfe ~165 x 60 x 28 mm<br \/>\nGewicht ~210g inkl Batt.<br \/>\nmit G\u00fcrtelclip<br \/>\nmit Handschlaufe die auch Sicherung ist. (raus ziehen deaktivert das Ger\u00e4t)<\/p>\n<p>Elektro-Impuls Ger\u00e4te geh\u00f6ren zu den weltweit modernsten und st\u00e4rksten Verteidigungswaffen.<\/p>\n<p>Elektro-Impuls Ger\u00e4te werden seit vielen Jahren von Polizeikr\u00e4ften, Sicherheitsdiensten und Beh\u00f6rden auf der ganzen Welt erfolgreich eingesetzt.<br \/>\n<span style=\"color: #ff0000\"><b><span style=\"color: ff0000\">Die Ger\u00e4te sind in Deutschland frei verk\u00e4uflich ab 18 Jahre.<\/span><\/b> \u2022<\/span><br \/>\n<span style=\"color: #ff0000\">Altersnachweis notwendig<\/span><br \/>\nSie selbst k\u00f6nnen keinen elektrischen Stromschlag erleiden,<br \/>\nauch wenn der Angreifer Sie <span style=\"font-family: arial\">ber\u00fchrt oder festh\u00e4lt!<\/span><\/p>\n","protected":false},"excerpt":{"rendered":"<h5><b>POWER 200<\/b> \u2022 Elektroschocker 200 000 V mit <b>PTB <\/b>Zulassung<\/h5>\n","protected":false},"featured_media":3716,"comment_status":"closed","ping_status":"closed","template":"","meta":[],"product_cat":[218],"product_tag":[517,518,495,496,498,499,497,519,520,504,521,508,509,503,502,507,505,288,287,254,305,255,506,494,500,501,510,512,511,513,286,289,515,514,516],"acf":[],"tiered_pricing_type":"fixed","tiered_pricing_fixed_rules":[],"_links":{"self":[{"href":"\/shop\/wp-json\/wp\/v2\/product\/3715"}],"collection":[{"href":"\/shop\/wp-json\/wp\/v2\/product"}],"about":[{"href":"\/shop\/wp-json\/wp\/v2\/types\/product"}],"replies":[{"embeddable":true,"href":"\/shop\/wp-json\/wp\/v2\/comments?post=3715"}],"wp:featuredmedia":[{"embeddable":true,"href":"\/shop\/wp-json\/wp\/v2\/media\/3716"}],"wp:attachment":[{"href":"\/shop\/wp-json\/wp\/v2\/media?parent=3715"}],"wp:term":[{"taxonomy":"product_cat","embeddable":true,"href":"\/shop\/wp-json\/wp\/v2\/product_cat?post=3715"},{"taxonomy":"product_tag","embeddable":true,"href":"\/shop\/wp-json\/wp\/v2\/product_tag?post=3715"}],"curies":[{"name":"wp","href":"https:\/\/api.w.org\/{rel}","templated":true}]}}