{"id":3217,"date":"2023-09-20T15:02:16","date_gmt":"2023-09-20T13:02:16","guid":{"rendered":"http:\/\/wp-dev1.srv-webdev-01\/produkt\/jacket\/"},"modified":"2025-01-01T22:35:50","modified_gmt":"2025-01-01T21:35:50","slug":"tt-dakota-rain-ms-jacket-darkest-grey","status":"publish","type":"product","link":"\/shop\/produkt\/tt-dakota-rain-ms-jacket-darkest-grey\/","title":{"rendered":"TT Dakota Rain M&#8217;s Jacket darkest-grey Gr.: XXXL"},"content":{"rendered":"<p>Verstellbare zweiseitig Kapuze mit Regenschutz<br \/>\nErh\u00f6hte Kinnpartie mit weichem Kinnschutz<br \/>\nNahtfreie Schulter zur Vermeidung von Wundreibung Unterarmrei\u00dfverschl\u00fcsse,<br \/>\nim Thermofusionsverfahren eingesetzt Ergonomisch geformte Raglan\u00e4rmel \u00c4rmelb\u00fcndchen<br \/>\nmit verstellbaren Klett-Verschl\u00fcssen Klettfl\u00e4che auf linkem Oberarm<br \/>\nWasserabweisender Zweiwegerei\u00dfverschluss mit unterlegter Blende Saumzug mit elastischer Kordel Napoleontasche mit wasserabweisendem Rei\u00dfverschluss,<br \/>\nEingriffstaschen im Thermofusionsverfahren eingesetzt<br \/>\nmit wasserabweisenden Rei\u00dfverschl\u00fcssen<br \/>\nim Thermofusionsverfahren eingesetzt<br \/>\nAlle Taschen mit Kabeldurchlass<br \/>\nMaterial: \u00a0\u00a0\u00a0 T-Vent 3Lo.<\/p>\n<h6><span class=\"sku_wrapper\"><span class=\"sku\" data-o_content=\"7973\">Informationen zur Produktsicherheit (GPSR)<br \/>\nTATONKA GmbH<br \/>\nRobert-Bosch-Stra\u00dfe 3<br \/>\n86453 Dasing Germany<br \/>\ninfo@tatonka.de <\/span><\/span><\/h6>\n","protected":false},"excerpt":{"rendered":"<p><b>TT Dakota Rain M&#8217;s Jacket<\/b><br \/>\n<span style=\"font-size: medium\">Tasmanian Tiger <\/span>(7200.)<br \/>\n<span class=\"variation-colors-name\">darkest-grey<br \/>\n<\/span>Gr.: XXXL<\/p>\n","protected":false},"featured_media":3477,"comment_status":"open","ping_status":"closed","template":"","meta":[],"product_cat":[237],"product_tag":[],"acf":[],"tiered_pricing_type":"fixed","tiered_pricing_fixed_rules":[],"_links":{"self":[{"href":"\/shop\/wp-json\/wp\/v2\/product\/3217"}],"collection":[{"href":"\/shop\/wp-json\/wp\/v2\/product"}],"about":[{"href":"\/shop\/wp-json\/wp\/v2\/types\/product"}],"replies":[{"embeddable":true,"href":"\/shop\/wp-json\/wp\/v2\/comments?post=3217"}],"wp:featuredmedia":[{"embeddable":true,"href":"\/shop\/wp-json\/wp\/v2\/media\/3477"}],"wp:attachment":[{"href":"\/shop\/wp-json\/wp\/v2\/media?parent=3217"}],"wp:term":[{"taxonomy":"product_cat","embeddable":true,"href":"\/shop\/wp-json\/wp\/v2\/product_cat?post=3217"},{"taxonomy":"product_tag","embeddable":true,"href":"\/shop\/wp-json\/wp\/v2\/product_tag?post=3217"}],"curies":[{"name":"wp","href":"https:\/\/api.w.org\/{rel}","templated":true}]}}