{"id":864,"date":"2023-01-24T15:05:25","date_gmt":"2023-01-24T14:05:25","guid":{"rendered":"http:\/\/wp-dev1.srv-webdev-01\/?page_id=864"},"modified":"2025-10-20T14:03:22","modified_gmt":"2025-10-20T12:03:22","slug":"startseite","status":"publish","type":"page","link":"\/shop\/","title":{"rendered":"Startseite"},"content":{"rendered":"    \n        \n    \n    \n    \n    <div class=\" et-content-50-50 bg-light space\">\n        <div class=\"row   default-stretch \">\n\n            <h2 class=\"col align-left\">Security Equipment Service  <span class=\"subline\">Ihr Partner f\u00fcr hochwertige Security Ausr\u00fcstung<\/span><\/h2>            \n                            <div class=\"col large-6 \">\n                                            <p>Herzlich willkommen bei <strong>Security Equipment Service<\/strong> Onlineshop, in Hildesheim, Ihrem kompetenten H\u00e4ndler f\u00fcr pers\u00f6nliche <strong>Schutzausr\u00fcstung\u00a0<\/strong>und Verteidigungszubeh\u00f6r.<\/p>\n                                                                                                                        \n                                                            <\/div>\n                                        <div class=\"col large-6 \">\n                                            <p>Bei uns finden Sie unter anderem Messer, Elektroschocker, Pfefferspray, Schlagst\u00f6cke, Taschenlampen und innovative Produkte, die Ihre Sicherheit und Selbstverteidigung gew\u00e4hrleisten. Als Ausstatter f\u00fcr Polizeibedarf in Niedersachsen stehen wir auch unseren privaten Kunden jederzeit zur Verf\u00fcgung.<\/p>\n                                                                                                                        \n                                                            <\/div>\n                    <\/div>\n    <\/div>\n\n\n\n\n  \n\n  <div class=\"et-products-teaser  bg-medium space\">\n    <div class=\"row\">\n\n      \n      <div class=\"col et-title-container\"><h2>Unsere aktuellen Produkte &#8211;  <span class=\"subline\">werden Sie jetzt f\u00fcndig<\/span><\/h2><a title=\"Schutzkleidung in Hildesheim oder im Onlineshop kaufen\" class=\"btn weight-bold icon icon-after-arrow-right margin-bottom\" target=\"_self\" href=\"\/shop\/produkt-kategorie\/bekleidung\/\" >Bekleidung<\/a><\/div>\n\n              <div class=\"col\">\n          <ul class=\"et-teaser-tiles products margin-bottom \"><li class=\"product type-product post-3778 status-publish first instock product_cat-3d-rubber-patches-aufnaeher-abzeichen product_tag-ar-15 product_tag-ar15 product_tag-patch product_tag-polizei product_tag-schwarz product_tag-swat product_tag-usa has-post-thumbnail featured taxable shipping-taxable purchasable product-type-simple\">\n\t  <a title=\"Come And Take It | Security Equipment Service\" href=\"\/shop\/produkt\/patch-come-and-take-it-ar-15\/\" class=\"woocommerce-LoopProduct-link woocommerce-loop-product__link\">\n  <img loading=\"lazy\" decoding=\"async\" width=\"300\" height=\"198\" src=\"\/shop\/wp-content\/uploads\/2024\/01\/patchcomeandtake-300x198.jpg\" class=\"attachment-woocommerce_thumbnail size-woocommerce_thumbnail\" alt=\"\" srcset=\"\/shop\/wp-content\/uploads\/2024\/01\/patchcomeandtake-300x198.jpg 300w, \/shop\/wp-content\/uploads\/2024\/01\/patchcomeandtake.jpg 450w\" sizes=\"(max-width: 300px) 100vw, 300px\" \/><h2 class=\"woocommerce-loop-product__title\">Patch Come And Take It (AR-15)<\/h2><\/a>\n\t<span class=\"price\"><span class=\"woocommerce-Price-amount amount\"><bdi>8,00&nbsp;<span class=\"woocommerce-Price-currencySymbol\">&euro;<\/span><\/bdi><\/span><\/span>\n\n<div class=\"product-info-container\"><mark class=\"new\">New<\/mark><\/div><div class=\"mark-container\"><mark class=\"mark-link\"><a href=\"\/shop\/produkt-kategorie\/3d-rubber-patches-aufnaeher-abzeichen\/\" title=\"Gehe zu Rubber Patches Aufn\u00e4her Abzeichen\">Rubber Patches Aufn\u00e4her Abzeichen<\/a><\/mark><\/div><a class=\"btn\" tabindex=\"0\" title=\"Zur Wunschliste hinzuf\u00fcgen\" data-text-add=\"Zur Wunschliste hinzuf\u00fcgen\" data-text-remove=\"Entfernen\" data-wishlist=\"3778\">Zur Wunschliste hinzuf\u00fcgen<\/a>\n\n\n\t<p class=\"wc-gzd-additional-info wc-gzd-additional-info-loop tax-info\">inkl. 19 % MwSt.<\/p>\n\n\n\t<p class=\"wc-gzd-additional-info delivery-time-info wc-gzd-additional-info-loop\">Lieferzeit: 1-2 Tage<\/p>\n\n<a href=\"?add-to-cart=3778\" data-quantity=\"1\" class=\"button product_type_simple add_to_cart_button ajax_add_to_cart\" data-product_id=\"3778\" data-product_sku=\"18.83-8510\" aria-label=\"In den Warenkorb legen: \u201ePatch Come And Take It (AR-15)\u201c\" rel=\"nofollow\" data-product-name=\"Patch Come And Take It (AR-15)\" title=\"In den Warenkorb legen: \u201ePatch Come And Take It (AR-15)\u201c\">In den Warenkorb<\/a><\/li>\n<li class=\"product type-product post-3776 status-publish instock product_cat-3d-rubber-patches-aufnaeher-abzeichen product_tag-group-therapy product_tag-patch product_tag-polizei product_tag-schwarz product_tag-swat product_tag-usa has-post-thumbnail featured taxable shipping-taxable purchasable product-type-simple\">\n\t  <a title=\"Patch Group Therapy | Security Equipment Service\" href=\"\/shop\/produkt\/patch-group-therapy\/\" class=\"woocommerce-LoopProduct-link woocommerce-loop-product__link\">\n  <img loading=\"lazy\" decoding=\"async\" width=\"300\" height=\"314\" src=\"\/shop\/wp-content\/uploads\/2024\/01\/patchgrouptherapy-300x314.jpg\" class=\"attachment-woocommerce_thumbnail size-woocommerce_thumbnail\" alt=\"\" srcset=\"\/shop\/wp-content\/uploads\/2024\/01\/patchgrouptherapy-300x314.jpg 300w, \/shop\/wp-content\/uploads\/2024\/01\/patchgrouptherapy-287x300.jpg 287w, \/shop\/wp-content\/uploads\/2024\/01\/patchgrouptherapy.jpg 450w\" sizes=\"(max-width: 300px) 100vw, 300px\" \/><h2 class=\"woocommerce-loop-product__title\">Patch Group Therapy<\/h2><\/a>\n\t<span class=\"price\"><span class=\"woocommerce-Price-amount amount\"><bdi>8,00&nbsp;<span class=\"woocommerce-Price-currencySymbol\">&euro;<\/span><\/bdi><\/span><\/span>\n\n<div class=\"product-info-container\"><mark class=\"new\">New<\/mark><\/div><div class=\"mark-container\"><mark class=\"mark-link\"><a href=\"\/shop\/produkt-kategorie\/3d-rubber-patches-aufnaeher-abzeichen\/\" title=\"Gehe zu Rubber Patches Aufn\u00e4her Abzeichen\">Rubber Patches Aufn\u00e4her Abzeichen<\/a><\/mark><\/div><a class=\"btn\" tabindex=\"0\" title=\"Zur Wunschliste hinzuf\u00fcgen\" data-text-add=\"Zur Wunschliste hinzuf\u00fcgen\" data-text-remove=\"Entfernen\" data-wishlist=\"3776\">Zur Wunschliste hinzuf\u00fcgen<\/a>\n\n\n\t<p class=\"wc-gzd-additional-info wc-gzd-additional-info-loop tax-info\">inkl. 19 % MwSt.<\/p>\n\n\n\t<p class=\"wc-gzd-additional-info delivery-time-info wc-gzd-additional-info-loop\">Lieferzeit: 1-2 Tage<\/p>\n\n<a href=\"?add-to-cart=3776\" data-quantity=\"1\" class=\"button product_type_simple add_to_cart_button ajax_add_to_cart\" data-product_id=\"3776\" data-product_sku=\"18.83-8500\" aria-label=\"In den Warenkorb legen: \u201ePatch Group Therapy\u201c\" rel=\"nofollow\" data-product-name=\"Patch Group Therapy\" title=\"In den Warenkorb legen: \u201ePatch Group Therapy\u201c\">In den Warenkorb<\/a><\/li>\n<li class=\"product type-product post-3774 status-publish instock product_cat-3d-rubber-patches-aufnaeher-abzeichen product_tag-3d product_tag-fahne product_tag-flag product_tag-flagge product_tag-maxpedition product_tag-original product_tag-patch product_tag-polizei product_tag-rubber product_tag-schwarz product_tag-swat product_tag-usa has-post-thumbnail featured taxable shipping-taxable purchasable product-type-simple\">\n\t  <a title=\"Major League Shooter 3D Rubber patch\" href=\"\/shop\/produkt\/major-league-shooter-swat-3d-rubber-patch-maxpedition\/\" class=\"woocommerce-LoopProduct-link woocommerce-loop-product__link\">\n  <img loading=\"lazy\" decoding=\"async\" width=\"300\" height=\"153\" src=\"\/shop\/wp-content\/uploads\/2024\/01\/majorlswat-300x153.jpg\" class=\"attachment-woocommerce_thumbnail size-woocommerce_thumbnail\" alt=\"\" srcset=\"\/shop\/wp-content\/uploads\/2024\/01\/majorlswat-300x153.jpg 300w, \/shop\/wp-content\/uploads\/2024\/01\/majorlswat.jpg 450w\" sizes=\"(max-width: 300px) 100vw, 300px\" \/><h2 class=\"woocommerce-loop-product__title\">Major League Shooter SWAT 3D Rubber Patch  maxpedition<\/h2><\/a>\n\t<span class=\"price\"><span class=\"woocommerce-Price-amount amount\"><bdi>6,50&nbsp;<span class=\"woocommerce-Price-currencySymbol\">&euro;<\/span><\/bdi><\/span><\/span>\n\n<div class=\"product-info-container\"><mark class=\"new\">New<\/mark><\/div><div class=\"mark-container\"><mark class=\"mark-link\"><a href=\"\/shop\/produkt-kategorie\/3d-rubber-patches-aufnaeher-abzeichen\/\" title=\"Gehe zu Rubber Patches Aufn\u00e4her Abzeichen\">Rubber Patches Aufn\u00e4her Abzeichen<\/a><\/mark><\/div><a class=\"btn\" tabindex=\"0\" title=\"Zur Wunschliste hinzuf\u00fcgen\" data-text-add=\"Zur Wunschliste hinzuf\u00fcgen\" data-text-remove=\"Entfernen\" data-wishlist=\"3774\">Zur Wunschliste hinzuf\u00fcgen<\/a>\n\n\n\t<p class=\"wc-gzd-additional-info wc-gzd-additional-info-loop tax-info\">inkl. 19 % MwSt.<\/p>\n\n\n\t<p class=\"wc-gzd-additional-info delivery-time-info wc-gzd-additional-info-loop\">Lieferzeit: 1-2 Tage<\/p>\n\n<a href=\"?add-to-cart=3774\" data-quantity=\"1\" class=\"button product_type_simple add_to_cart_button ajax_add_to_cart\" data-product_id=\"3774\" data-product_sku=\"18.83-8154\" aria-label=\"In den Warenkorb legen: \u201eMajor League Shooter SWAT 3D Rubber Patch  maxpedition\u201c\" rel=\"nofollow\" data-product-name=\"Major League Shooter SWAT 3D Rubber Patch  maxpedition\" title=\"In den Warenkorb legen: \u201eMajor League Shooter SWAT 3D Rubber Patch  maxpedition\u201c\">In den Warenkorb<\/a><\/li>\n<\/ul><button data-loadmore data-typ=\"product\" data-query=\"{'_in':[],'_taxs':[214]}\" data-per-page=\"3\" data-page=\"2\" class=\"btn btn-line weight-bold icon icon-after-arrow-down margin-bottom\">Mehr laden<\/button>        <\/div>\n      \n    <\/div>\n  <\/div>\n\n\n\n    \n        \n\n    \n    \n    \n    \n        \n    \n   \n    <div class=\" et-content-33-33-33 bg-light space\">\n        <div class=\"row default-stretch \">\n        \n            <h2 class=\"col align-left\">Pers\u00f6nliche Schutzausr\u00fcstung  <span class=\"subline\"><\/span><\/h2>\n                            <div class=\"col large-4\">\n                                            <p>Die Welt wird immer unsicherer! Umso wichtiger ist es, die eigene Sicherheit mit hochwertiger\u00a0<strong>Schutzausr\u00fcstung\u00a0<\/strong>zu gew\u00e4hrleisten. Hierzu z\u00e4hlen sowohl Elektroschocker, Messer und helle Taschenlampen als auch eine entsprechende\u00a0<strong>Schutzkleidung<\/strong>.<\/p>\n                                                                                                                        \n                                                            <\/div>\n                                        <div class=\"col large-4\">\n                                            <p>Bei uns erhalten Sie eine individuelle Beratung zur Auswahl der richtigen Ausr\u00fcstung. Zudem k\u00f6nnen Sie sich stets auf beste Qualit\u00e4tsprodukte und ein faires Preis-Leistungs-Verh\u00e4ltnis verlassen!<\/p>\n                                                                                                                        \n                                                            <\/div>\n                                        <div class=\"col large-4\">\n                                            <p>Wer nachts unterwegs ist, eine gef\u00e4hrliche T\u00e4tigkeit aus\u00fcbt oder in einer unsicheren Umgebung lebt, sollte sich unbedingt eine pers\u00f6nliche\u00a0<strong>Schutzausr\u00fcstung\u00a0<\/strong>und entsprechendes Verteidigungszubeh\u00f6r anschaffen.<\/p>\n                                                                                                                        \n                                                            <\/div>\n                    <\/div>\n    <\/div>\n\n\n\n\n    \n\n    <div class=\"et-block-categories-teaser et-kategorie-teaser bg-dark space\">\n        <div class=\"row\">\n\n                        \n            <div class=\"col et-title-container\"><h2>Unsere Produktkategorien  <span class=\"subline\"><\/span><\/h2><a title=\"Security Equipment Service aus Hildesheim | Shop\" class=\"btn weight-bold icon icon-after-arrow-right margin-bottom\" target=\"_self\" href=\"\/shop\/shop\/\" >Alle Kategorien ansehen<\/a><\/div>\n            \n                            <div class=\"col\">\n                                    <\/div>\n            \n        <\/div>\n    <\/div>\n\n\n\n    \n        \n    \n    \n    \n    <div class=\" et-content-50-50 bg-light space\">\n        <div class=\"row   default-stretch \">\n\n            <h2 class=\"col align-left\">Sicherheit seit 1993  <span class=\"subline\"><\/span><\/h2>            \n                            <div class=\"col large-6 \">\n                                            <p>Unser Unternehmen f\u00fcr pers\u00f6nliche\u00a0<strong>Schutzausr\u00fcstung\u00a0<\/strong>und\u00a0<strong>Verteidigungszubeh\u00f6r\u00a0<\/strong>ist bereits seit 1993 am Markt etabliert und kann heute auf einen gro\u00dfen Stamm zufriedener Kunden zur\u00fcckblicken.<\/p>\n<p>Hierzu z\u00e4hlen Polizei, Sicherheitsdienste und Beh\u00f6rden, aber auch Privatpersonen, die sich vor Gewalt sch\u00fctzen m\u00f6chten. Sei es aufgrund einer gef\u00e4hrlichen T\u00e4tigkeit wie Sicherheitsdienst und Rettungsdienst, oder auch, weil sie in einer unsicheren Umgebung leben oder nachts unterwegs sind.<\/p>\n                                                                                                                        \n                                                            <\/div>\n                                        <div class=\"col large-6 \">\n                                                                    <ul class=\"et-teaser-tiles products margin-bottom \"><li class=\"product type-product post-3219 status-publish instock product_cat-fesseln product_cat-3d-rubber-patches-aufnaeher-abzeichen has-post-thumbnail featured taxable shipping-taxable purchasable product-type-simple\">\n\t  <a title=\"Zombie Hunting Patch \/ 3D Rubber patch mit Klettr\u00fcckseite\" href=\"\/shop\/produkt\/zombie-hunting-patch-3d-rubber-patc\/\" class=\"woocommerce-LoopProduct-link woocommerce-loop-product__link\">\n  <img loading=\"lazy\" decoding=\"async\" width=\"200\" height=\"84\" src=\"\/shop\/wp-content\/uploads\/2023\/09\/zombiehuntereu.jpg\" class=\"attachment-woocommerce_thumbnail size-woocommerce_thumbnail\" alt=\"Zombie Hunting Patch\" \/><h2 class=\"woocommerce-loop-product__title\">Zombie Hunting Patch \/ 3D Rubber patch<\/h2><\/a>\n\t<span class=\"price\"><span class=\"woocommerce-Price-amount amount\"><bdi>7,00&nbsp;<span class=\"woocommerce-Price-currencySymbol\">&euro;<\/span><\/bdi><\/span><\/span>\n\n<div class=\"product-info-container\"><mark class=\"new\">New<\/mark><\/div><div class=\"mark-container\"><mark class=\"mark-link\"><a href=\"\/shop\/produkt-kategorie\/fesseln\/\" title=\"Gehe zu Fesseln\">Fesseln<\/a><\/mark><mark class=\"mark-link\"><a href=\"\/shop\/produkt-kategorie\/3d-rubber-patches-aufnaeher-abzeichen\/\" title=\"Gehe zu Rubber Patches Aufn\u00e4her Abzeichen\">Rubber Patches Aufn\u00e4her Abzeichen<\/a><\/mark><\/div><a class=\"btn\" tabindex=\"0\" title=\"Zur Wunschliste hinzuf\u00fcgen\" data-text-add=\"Zur Wunschliste hinzuf\u00fcgen\" data-text-remove=\"Entfernen\" data-wishlist=\"3219\">Zur Wunschliste hinzuf\u00fcgen<\/a>\n\n\n\t<p class=\"wc-gzd-additional-info wc-gzd-additional-info-loop tax-info\">inkl. 19 % MwSt.<\/p>\n\n\n\t<p class=\"wc-gzd-additional-info delivery-time-info wc-gzd-additional-info-loop\">Lieferzeit: 1-2 Tage<\/p>\n\n<a href=\"?add-to-cart=3219\" data-quantity=\"1\" class=\"button product_type_simple add_to_cart_button ajax_add_to_cart\" data-product_id=\"3219\" data-product_sku=\"18.83-8000\" aria-label=\"In den Warenkorb legen: \u201eZombie Hunting Patch \/ 3D Rubber patch\u201c\" rel=\"nofollow\" data-product-name=\"Zombie Hunting Patch \/ 3D Rubber patch\" title=\"In den Warenkorb legen: \u201eZombie Hunting Patch \/ 3D Rubber patch\u201c\">In den Warenkorb<\/a><\/li>\n<\/ul>                                                                                                \n                                                            <\/div>\n                    <\/div>\n    <\/div>\n\n","protected":false},"excerpt":{"rendered":"","protected":false},"author":1,"featured_media":0,"parent":0,"menu_order":0,"comment_status":"closed","ping_status":"closed","template":"","meta":{"footnotes":""},"acf":[],"_links":{"self":[{"href":"\/shop\/wp-json\/wp\/v2\/pages\/864"}],"collection":[{"href":"\/shop\/wp-json\/wp\/v2\/pages"}],"about":[{"href":"\/shop\/wp-json\/wp\/v2\/types\/page"}],"author":[{"embeddable":true,"href":"\/shop\/wp-json\/wp\/v2\/users\/1"}],"replies":[{"embeddable":true,"href":"\/shop\/wp-json\/wp\/v2\/comments?post=864"}],"version-history":[{"count":5,"href":"\/shop\/wp-json\/wp\/v2\/pages\/864\/revisions"}],"predecessor-version":[{"id":4986,"href":"\/shop\/wp-json\/wp\/v2\/pages\/864\/revisions\/4986"}],"wp:attachment":[{"href":"\/shop\/wp-json\/wp\/v2\/media?parent=864"}],"curies":[{"name":"wp","href":"https:\/\/api.w.org\/{rel}","templated":true}]}}