{"id":855,"date":"2023-01-24T14:57:36","date_gmt":"2023-01-24T13:57:36","guid":{"rendered":"http:\/\/wp-dev1.srv-webdev-01\/agb\/"},"modified":"2025-10-29T11:59:38","modified_gmt":"2025-10-29T10:59:38","slug":"agb","status":"publish","type":"page","link":"\/shop\/agb\/","title":{"rendered":"AGB"},"content":{"rendered":"\n  \n    \n  \n  <div class=\" et-content-100 bg-light space\">\n    <div class=\"row\">\n\n      <h2 class=\"col align-left\">Allgemeine Gesch\u00e4ftsbedingungen  <span class=\"subline\">Stand: 01.08.2025  <\/span><\/h2>\n              <div class=\"col\">\n                    <h5>\u00a7 1 Grundlegende Bestimmungen<\/h5>\n    <ol>\n         <li>Die nachstehenden Gesch\u00e4ftsbedingungen gelten f\u00fcr Vertr\u00e4ge die \u00fcber <strong>\/shop<\/strong> geschlossen werden. Soweit nicht anders vereinbart, wird eigens von Ihnen verwendeten Bedingungen widersprochen.<\/li>\n         <li>Verbraucher im Sinne dieser Regelung ist jede nat\u00fcrliche Person, die ein Rechtsgesch\u00e4ft mit privaten Anliegen abschlie\u00dft. \u00a0Unternehmer ist jede nat\u00fcrliche oder juristische Person, die bei Abschluss des Rechtsgesch\u00e4fts im Sinne ihrer beruflichen oder gewerblichen Interessen handelt.<\/li>\n    <\/ol>\n    <h5>\u00a7 2 Zustandekommen des Vertrages<\/h5>\n    <ol>\n         <li>Vertragsgegenstand ist der Verkauf von Waren.<\/li>\n         <li>Mit der Bereitstellung eines Produktes in unserem Shop unterbreiten wir unseren Kunden ein verbindliches Angebot zum Abschluss eines Kaufvertrages.<\/li>\n         <li>Alle zum Kauf beabsichtigten Produkte werden vom Kunden im \u201eWarenkorb\u201c abgelegt. Nach Eingabe der pers\u00f6nlichen Daten und Zahlungsinformationen hat der Kunde die M\u00f6glichkeit alle eingegebenen Informationen zu \u00fcberpr\u00fcfen. Mit dem Absenden der Bestellung durch Klick auf die daf\u00fcr vorgesehene Schaltfl\u00e4che erkl\u00e4rt der Kunde rechtsverbindlich die Annahme des Angebotes. Damit ist der Kaufvertrag zustande gekommen. Bei der Zahlungs-Option \u00fcber Payment-Dienstleister wie PayPal oder Sofort\u00fcberweisung, wird der Kunde von unserem unserem Onlineshop auf die Webseite des Anbieters weitergeleitet. Nach Eingabe aller erforderlichen Daten wird der Kunde abschlie\u00dfend zur\u00fcck in unseren Shop geleitet.<\/li>\n         <li>Die \u00dcbermittlung aller Informationen im Zusammenhang mit dem Vertragsschluss erfolgt automatisiert per E-Mail. Der Kunde hat daher sicherzustellen, dass die bei uns hinterlegte E-Mail-Adresse erreichbar ist.<\/li>\n    <\/ol>\n    <h5>\u00a7 3 Eigentumsvorbehalt und Zur\u00fcckbehaltungsrecht<\/h5>\n    <ol>\n         <li>Ein Zur\u00fcckbehaltungsrecht kann vom Kunden nur dann ausge\u00fcbt werden, sofern es nicht Forderungen aus selbigem Vertragsverh\u00e4ltnis sind.<\/li>\n         <li>Bis zur vollst\u00e4ndigen Zahlung des Kaufpreises bleibt die Ware Eigentum des Shop-Betreibers.<\/li>\n    <\/ol>\n    <h5>\u00a7 4 Bestimmungen zur Haftung<\/h5>\n    <ol>\n         <li>F\u00fcr Sch\u00e4den an K\u00f6rper oder der Gesundheit haften wir uneingeschr\u00e4nkt, sowie in F\u00e4llen des Vorsatzes und grober Fahrl\u00e4ssigkeit. Weiterhin bei arglistigem Verschweigen eines Mangels und in allen anderen gesetzlich geregelten F\u00e4llen. Die Haftung f\u00fcr M\u00e4ngel im Rahmen der gesetzlichen Gew\u00e4hrleistung ist der entsprechenden Regelung in unseren Kundeninformationen zu entnehmen.<\/li>\n         <li>Sofern wesentliche Vertragspflichten nicht erf\u00fcllt werden, ist die Haftung des Onlineshops bei leichter Fahrl\u00e4ssigkeit auf den vorhersehbaren, vertragstypischen Schaden beschr\u00e4nkt.<\/li>\n         <li>Bei der Verletzung unwesentlicher Pflichten die aus dem Vertrag hervorgehen, ist die Haftung bei leicht fahrl\u00e4ssigen Pflichtverletzungen ausgeschlossen.<\/li>\n         <li>Es erfolgt keine Haftung f\u00fcr die stetige Verf\u00fcgbarkeit dieser Website und der darauf angebotenen Waren.<\/li>\n    <\/ol>\n    <h5>\u00a7 5 Rechtswahl<\/h5>\n    <ol>\n         <li>Es gilt deutsches Recht. Die Bestimmungen des UN-Kaufrechts finden ausdr\u00fccklich keine Anwendung.<\/li>\n    <\/ol>\n    <h5>\u00a7 6 Vertragssprache, Vertragstextspeicherung<\/h5>\n    <ol>\n         <li>Vertragssprache ist deutsch.<\/li>\n         <li>Der vollst\u00e4ndige Vertragstext wird von uns nicht gespeichert. Kunden k\u00f6nnen dies vor Absenden der Bestellung \u00fcber die Druckfunktion des Browsers elektronisch sichern.<\/li>\n    <\/ol>\n    <h5>\u00a7 7 Preise und Zahlungsmodalit\u00e4ten Merkmale der Waren<\/h5>\n    <ol>\n         <li>Die ausgewiesenen Preise sowie die Versandkosten stellen Brutto-Preise dar.<\/li>\n         <li>Versandkosten sind nicht im Kaufpreis enthalten. Sie sind explizit gekennzeichnet oder werden im Laufe des Bestellvorganges gesondert ausgewiesen und sind vom Kunden zus\u00e4tzlich zu tragen, soweit nicht eine kostenfreie Lieferung zugesagt ist.<\/li>\n         <li>Die zur Verf\u00fcgung stehenden Zahlungsmethoden sind auf unserer Webseite oder in der jeweiligen Artikelbeschreibung ausgewiesen, sp\u00e4testens aber im abschlie\u00dfenden Bestellprozess an der \u201eKasse\u201c genannt. Soweit nicht anders angegeben, sind die Zahlungsanspr\u00fcche aus dem Vertrag unmittelbar zur Zahlung f\u00e4llig.<\/li>\n         <li>Die wesentlichen Merkmale der Ware und\/oder Dienstleistung finden sich in der Artikelbeschreibung und den erg\u00e4nzenden Angaben auf unserer Internetseite.<\/li>\n    <\/ol>\n    <h5>\u00a7 8 Lieferbedingungen<\/h5>\n    <ol>\n         <li>Lieferbedingungen, Lieferzeit sowie ggf. bestehende Beschr\u00e4nkungen zur Lieferung finden sich unter dem \u00a0entsprechend bezeichneten Link in unserem Onlineshop oder in der jeweiligen Artikelbeschreibung.<\/li>\n         <li>F\u00fcr Verbraucher gilt, dass die Gefahr des zuf\u00e4lligen Untergangs oder der Verschlechterung der verkauften Ware w\u00e4hrend der Versendung erst mit der \u00dcbergabe der Ware an den Kunden \u00fcbergeht. Die Regelung gilt unabh\u00e4ngig davon, ob die Versendung versichert oder unversichert erfolgt.<\/li>\n    <\/ol>\n    <h5>\u00a7 9 Gesetzliches M\u00e4ngelhaftungsrecht<\/h5>\n    <ol>\n         <li>Die gesetzlichen M\u00e4ngelhaftungsrechte haben bestand.<\/li>\n         <li>Verbraucher werden gebeten, die Ware bei Lieferung auf Vollst\u00e4ndigkeit, offensichtliche M\u00e4ngel und Transportsch\u00e4den zu \u00fcberpr\u00fcfen und dem Shop-Betreiber schnellstm\u00f6glich mitzuteilen. Wird dem nicht vom Kunden nachgekommen hat dies keine Auswirkung auf seine gesetzlichen Gew\u00e4hrleistungsanspr\u00fcche.<\/li>\n    <\/ol>\n<h5>\u00a7 10 Sonderbestellungen<\/h5>\n<p>F\u00fcr Sonderbestellungen gilt Vorkasse und Abnahme Pflicht.<\/p>\n<p>Wichtiger Hinweis f\u00fcr Verbraucher: Die Europ\u00e4ische Kommission stellt eine Plattform f\u00fcr die au\u00dfergerichtliche Online-Streitbeilegung (OS-Plattform) bereit, aufrufbar unter: http:\/\/ec.europa.eu\/odr<\/p>\n<ul>\n<li>DHL Versandkosten in Deutschland 7,-\u20ac<br \/>\nbei Zahlung per Vorkasse und Nachnahme<\/li>\n<li>bei Versand per Nachnahme zus\u00e4tzlich:<br \/>\nGeb\u00fchren f\u00fcr DHL Nachnahme 6,- \u20ac<\/li>\n<\/ul>\n<p>Bankverbindung:<br \/>\nSECURITY EQUIPMENT SERVICE<br \/>\nIBAN: DE43259501300000581723<br \/>\nBIC: NOLADE21HIK<br \/>\nSparkasse Hildesheim<\/p>\n<p>Es gilt das Recht der Bundesrepublik Deutschland.<br \/>\nF\u00fcr nicht Verbraucher\/Endkunden gilt:<\/p>\n<p>Der R\u00fccktritt von einer rechtsverbindlichen Bestellung ist f\u00fcr gewerbliche Kunden ausgeschlossen.<br \/>\nBei Vor- oder Sonderbestellungen gelten die in der Auftragsbest\u00e4tigung aufgef\u00fchrten Preise.<\/p>\n<p>\u00dcber M\u00f6gliche Markenrechts-\/Rechtsverletzungen muss uns, vor anderen Rechtsmitteln in Schriftlicher-Form per E-Mail, Fax oder Brief und f\u00fcr uns <b>kostenfrei<\/b>, informiert werden und es muss uns ausreichend Zeit gelassen werden zu reagieren.<br \/>\nF\u00fcr Verst\u00f6\u00dfe hier gegen erheben wir eine Vertragsstrafe iHv. 9100,00 EUR pro Fall.* Erf\u00fcllungsort f\u00fcr alle Parteien ist Hildesheim.<\/p>\n<p>*Sollte der Inhalt oder die Aufmachung dieser Webseiten gesetzliche Bestimmungen, Ihre oder Rechte Dritter verletzen, bitten wir um eine entsprechende Nachricht ohne jegliche Kostennote. Richten Sie diese Nachricht bitte an info@securitystore.de oder rufen Sie uns einfach an unter:<\/p>\n<p>+49 (0) 05121 12717<\/p>\n<p>oder schicken Sie uns ein Fax:<\/p>\n<p>+49 (0) 5121 12718<\/p>\n<p>Wir versichern, beanstandete Bilder, Texte oder Links unverz\u00fcglich (direkt nach der zur Kenntnisnahme) zu entfernen oder zu berichtigen, ohne dass hierzu von Ihrer Seite die Einschaltung eines Rechtbeistandes erforderlich ist! (Die Einschaltung eines Anwaltes) Zur f\u00fcr den SECURITY EQUIPMENT SERVICE\u00a0 kostenpflichtigen Abmahnung, entspricht nicht dessen wirklichen oder mutma\u00dflichen Willen und w\u00fcrde damit einen Versto\u00df gegen \u00a7 8 Abs. 4 UWG (\u00a7 242 BGB), wegen der Verfolgung sachfremder Ziele als beherrschendes Motiv der Verfahrenseinleitung, insbesondere einer Kostenerzielungsabsicht als eigentliche Triebfeder, sowie einen Versto\u00df gegen Ihre Schadensminderungspflicht darstellen.<br \/>\nEntstandene Kosten ohne vorherige\u00a0 Kontaktaufnahme werden durch uns vollumf\u00e4nglich zur\u00fcckgewiesen und l\u00f6sen\u00a0 gegebenenfalls eine Gegenklage wegen Verletzung vorgenannter Bestimmungen.<br \/>\nSollte ein Fehler in den Bedingungen sein, f\u00fchrt dieser nicht zur Ung\u00fcltigkeit der verbleiben Gesch\u00e4ftsbedingungen.<\/p>\n<p>USt-Id-Nr.: DE 167481018 \u00b7 Inhaber ist Markus Baumgarten.<\/p>\n<p>Bankverbindungen<br \/>\nIBAN:\u00a0\u00a0 DE43259501300000581723<br \/>\nBIC:\u00a0\u00a0\u00a0\u00a0 NOLADE21HIK<\/p>\n<p>Sparkasse Hildesheim \u00b7 BLZ 25950130 \u00b7 Via Norddeutsche Landesbank S.W.I.F.T. :\u00a0 NOLADE21HIK \u00b7\u00a0 Account No.: 581723<\/p>\n<p>alle verwendeten logos oder namen sind eigentum des jewaligen inhabers und unterligen ggf. dem COPYRIGHT (\u00a9)<\/p>\n<h5>\u00a7 11 Streitbeilegungsverfahren<\/h5>\n<p>Wir sind nicht bereit oder verpflichtet, an Streitbeilegungsverfahren vor einer Verbraucherschlichtungsstelle teilzunehmen.<\/p>\n<p>Stand: 01.08.2025<\/p>\n<p>&nbsp;<\/p>\n                                                  \n                            <\/div>\n          <\/div>\n  <\/div>\n\n","protected":false},"excerpt":{"rendered":"","protected":false},"author":1,"featured_media":0,"parent":0,"menu_order":0,"comment_status":"closed","ping_status":"closed","template":"","meta":{"footnotes":""},"acf":[],"_links":{"self":[{"href":"\/shop\/wp-json\/wp\/v2\/pages\/855"}],"collection":[{"href":"\/shop\/wp-json\/wp\/v2\/pages"}],"about":[{"href":"\/shop\/wp-json\/wp\/v2\/types\/page"}],"author":[{"embeddable":true,"href":"\/shop\/wp-json\/wp\/v2\/users\/1"}],"replies":[{"embeddable":true,"href":"\/shop\/wp-json\/wp\/v2\/comments?post=855"}],"version-history":[{"count":5,"href":"\/shop\/wp-json\/wp\/v2\/pages\/855\/revisions"}],"predecessor-version":[{"id":5003,"href":"\/shop\/wp-json\/wp\/v2\/pages\/855\/revisions\/5003"}],"wp:attachment":[{"href":"\/shop\/wp-json\/wp\/v2\/media?parent=855"}],"curies":[{"name":"wp","href":"https:\/\/api.w.org\/{rel}","templated":true}]}}